{"id":84,"date":"2019-10-30T14:46:16","date_gmt":"2019-10-30T14:46:16","guid":{"rendered":"http:\/\/tonundporzellan.de\/?page_id=84"},"modified":"2019-11-03T20:46:26","modified_gmt":"2019-11-03T20:46:26","slug":"das-bin-ich","status":"publish","type":"page","link":"http:\/\/tonundporzellan.de\/?page_id=84","title":{"rendered":"Das bin ich"},"content":{"rendered":"\n<p><\/p>\n\n\n\n<p>Meine Leidenschaft zur Kunst begleitet mich schon mein Leben lang. Meine Ausbildung zur Grafikerin begann ich mit 17 Jahren. Schon damals war es mir immer wichtig, meine Auffassungen und Meinungen durch k\u00fcnstlerische Aktionen zum Ausdruck zu bringen. Als selbst\u00e4ndige Grafikerin habe ich unter anderem f\u00fcr viele verschiedene Werbeagenturen gearbeitet. Unter anderem auch f\u00fcr &#8222;Geistreich lernen&#8220;. Ich gab dort Workshops wie z. B. Action Painting, Buchbinder Kurse oder aber auch Workshops im Bereich Acrylmalerei.<\/p>\n\n\n\n<p>Nicht nur die Malerei, sondern auch viele andere handwerkliche Arbeiten haben mich an die Drehscheibe gebracht. Und somit zum Ton und zum Porzellan. Meine ersten Schritte in diesem Bereich durfte ich bei Elfriede Bredemeier an der Volkshochschule Dortmund machen. Es folgten Lehrg\u00e4nge bei Fritz Rossmann sowie ein 14 t\u00e4giger Lehrgang bei Frank Theunissen in S\u00fcdfrankreich. Auch m\u00f6chte ich hier Silke Schultz erw\u00e4hnen, die mir einen Einblick in ihre Arbeitsweise der Monotypie gegeben hat. Durch meine Besuche in den Keramikwerkst\u00e4tten auf Mallorca habe ich auch dort viele verschiedene Einblicke in das Thema Keramik bekommen. <\/p>\n\n\n\n<p>Meine Arbeiten sind intuitiv, ich arbeite gerne mit Oberfl\u00e4chengestaltungen und meine Leidenschaft sind schwarzer Ton und wei\u00dfes Porzellan. Gegens\u00e4tze ziehen sich einfach an. Seit 2016 habe ich meinen Traum der eigenen Werkstatt verwirklicht und ich freue mich immer \u00fcber regen Austausch mit Menschen, die diese Leidenschaft teilen.<\/p>\n","protected":false},"excerpt":{"rendered":"<p>Meine Leidenschaft zur Kunst begleitet mich schon mein Leben lang. Meine Ausbildung zur Grafikerin begann ich mit 17 Jahren. Schon damals war es mir immer wichtig, meine Auffassungen und Meinungen durch k\u00fcnstlerische Aktionen zum Ausdruck zu bringen. Als selbst\u00e4ndige Grafikerin habe ich unter anderem f\u00fcr viele verschiedene Werbeagenturen gearbeitet. Unter anderem auch f\u00fcr &#8222;Geistreich lernen&#8220;. &hellip; <\/p>\n<p class=\"link-more\"><a href=\"http:\/\/tonundporzellan.de\/?page_id=84\" class=\"more-link\"><span class=\"screen-reader-text\">\u201eDas bin ich\u201c<\/span> weiterlesen<\/a><\/p>\n","protected":false},"author":1,"featured_media":88,"parent":0,"menu_order":0,"comment_status":"closed","ping_status":"closed","template":"","meta":[],"_links":{"self":[{"href":"http:\/\/tonundporzellan.de\/index.php?rest_route=\/wp\/v2\/pages\/84"}],"collection":[{"href":"http:\/\/tonundporzellan.de\/index.php?rest_route=\/wp\/v2\/pages"}],"about":[{"href":"http:\/\/tonundporzellan.de\/index.php?rest_route=\/wp\/v2\/types\/page"}],"author":[{"embeddable":true,"href":"http:\/\/tonundporzellan.de\/index.php?rest_route=\/wp\/v2\/users\/1"}],"replies":[{"embeddable":true,"href":"http:\/\/tonundporzellan.de\/index.php?rest_route=%2Fwp%2Fv2%2Fcomments&post=84"}],"version-history":[{"count":3,"href":"http:\/\/tonundporzellan.de\/index.php?rest_route=\/wp\/v2\/pages\/84\/revisions"}],"predecessor-version":[{"id":139,"href":"http:\/\/tonundporzellan.de\/index.php?rest_route=\/wp\/v2\/pages\/84\/revisions\/139"}],"wp:featuredmedia":[{"embeddable":true,"href":"http:\/\/tonundporzellan.de\/index.php?rest_route=\/wp\/v2\/media\/88"}],"wp:attachment":[{"href":"http:\/\/tonundporzellan.de\/index.php?rest_route=%2Fwp%2Fv2%2Fmedia&parent=84"}],"curies":[{"name":"wp","href":"https:\/\/api.w.org\/{rel}","templated":true}]}}